{"id":1686,"date":"2020-06-02T01:44:18","date_gmt":"2020-06-02T01:44:18","guid":{"rendered":"https:\/\/nididirondine.com\/confirmation-of-reservation\/la-transaction-a-echoue\/"},"modified":"2020-06-02T01:44:18","modified_gmt":"2020-06-02T01:44:18","slug":"la-transaction-a-echoue","status":"publish","type":"page","link":"https:\/\/nididirondine.com\/fr\/confirmation-of-reservation\/la-transaction-a-echoue\/","title":{"rendered":"La transaction a \u00e9chou\u00e9"},"content":{"rendered":"\t\t<div data-elementor-type=\"wp-post\" data-elementor-id=\"1686\" class=\"elementor elementor-1686 elementor-915\" data-elementor-post-type=\"page\">\n\t\t\t\t\t\t<section class=\"elementor-section elementor-top-section elementor-element elementor-element-5d338c96 elementor-section-height-min-height elementor-section-boxed elementor-section-height-default elementor-section-items-middle\" data-id=\"5d338c96\" data-element_type=\"section\" data-settings=\"{&quot;background_background&quot;:&quot;classic&quot;}\">\n\t\t\t\t\t\t\t<div class=\"elementor-background-overlay\"><\/div>\n\t\t\t\t\t\t\t<div class=\"elementor-container elementor-column-gap-default\">\n\t\t\t\t\t<div class=\"elementor-column elementor-col-100 elementor-top-column elementor-element elementor-element-644f6a7f\" data-id=\"644f6a7f\" data-element_type=\"column\">\n\t\t\t<div class=\"elementor-widget-wrap elementor-element-populated\">\n\t\t\t\t\t\t<div class=\"elementor-element elementor-element-3958fe5a elementor-widget elementor-widget-spacer\" data-id=\"3958fe5a\" data-element_type=\"widget\" data-widget_type=\"spacer.default\">\n\t\t\t\t<div class=\"elementor-widget-container\">\n\t\t\t\t\t\t\t<div class=\"elementor-spacer\">\n\t\t\t<div class=\"elementor-spacer-inner\"><\/div>\n\t\t<\/div>\n\t\t\t\t\t\t<\/div>\n\t\t\t\t<\/div>\n\t\t\t\t<div class=\"elementor-element elementor-element-69f0a4a5 elementor-view-default elementor-position-top elementor-widget elementor-widget-themo-header\" data-id=\"69f0a4a5\" data-element_type=\"widget\" data-widget_type=\"themo-header.default\">\n\t\t\t\t<div class=\"elementor-widget-container\">\n\t\t\t\t\t\t\t<div class=\"th-header-wrap\">\n        <div class=\"elementor-icon-box-wrapper \">\n                            <div class=\"elementor-icon-box-content\">\n                    <h1 class=\"elementor-icon-box-title\">\n                        La transaction a \u00e9chou\u00e9                    <\/h1>\n                                        <p class=\"elementor-icon-box-description\"><\/p>\n\n                                    <\/div>\n            <\/div>\n\n        <\/div>\n\n\t\t\t\t\t\t<\/div>\n\t\t\t\t<\/div>\n\t\t\t\t\t<\/div>\n\t\t<\/div>\n\t\t\t\t\t<\/div>\n\t\t<\/section>\n\t\t\t\t<section class=\"elementor-section elementor-top-section elementor-element elementor-element-1b0ee5c3 elementor-section-boxed elementor-section-height-default elementor-section-height-default\" data-id=\"1b0ee5c3\" data-element_type=\"section\">\n\t\t\t\t\t\t<div class=\"elementor-container elementor-column-gap-default\">\n\t\t\t\t\t<div class=\"elementor-column elementor-col-100 elementor-top-column elementor-element elementor-element-7b6756e\" data-id=\"7b6756e\" data-element_type=\"column\">\n\t\t\t<div class=\"elementor-widget-wrap elementor-element-populated\">\n\t\t\t\t\t\t<div class=\"elementor-element elementor-element-12adfc57 elementor-widget elementor-widget-spacer\" data-id=\"12adfc57\" data-element_type=\"widget\" data-widget_type=\"spacer.default\">\n\t\t\t\t<div class=\"elementor-widget-container\">\n\t\t\t\t\t\t\t<div class=\"elementor-spacer\">\n\t\t\t<div class=\"elementor-spacer-inner\"><\/div>\n\t\t<\/div>\n\t\t\t\t\t\t<\/div>\n\t\t\t\t<\/div>\n\t\t\t\t<div class=\"elementor-element elementor-element-1112a41b elementor-widget elementor-widget-text-editor\" data-id=\"1112a41b\" data-element_type=\"widget\" data-widget_type=\"text-editor.default\">\n\t\t\t\t<div class=\"elementor-widget-container\">\n\t\t\t\t\t\t\t\t\t<p>Malheureusement, votre transaction ne peut pas \u00eatre effectu\u00e9e pour le moment. Veuillez r\u00e9essayer ou contactez-nous.<\/p>\n\t\t\t\t\t\t\t\t<\/div>\n\t\t\t\t<\/div>\n\t\t\t\t<div class=\"elementor-element elementor-element-7ab03de1 elementor-widget elementor-widget-spacer\" data-id=\"7ab03de1\" data-element_type=\"widget\" data-widget_type=\"spacer.default\">\n\t\t\t\t<div class=\"elementor-widget-container\">\n\t\t\t\t\t\t\t<div class=\"elementor-spacer\">\n\t\t\t<div class=\"elementor-spacer-inner\"><\/div>\n\t\t<\/div>\n\t\t\t\t\t\t<\/div>\n\t\t\t\t<\/div>\n\t\t\t\t\t<\/div>\n\t\t<\/div>\n\t\t\t\t\t<\/div>\n\t\t<\/section>\n\t\t\t\t<\/div>\n\t\t","protected":false},"excerpt":{"rendered":"<p>La transaction a \u00e9chou\u00e9 Malheureusement, votre transaction ne peut pas \u00eatre effectu\u00e9e pour le moment. Veuillez r\u00e9essayer ou contactez-nous.<\/p>\n","protected":false},"author":4,"featured_media":0,"parent":1673,"menu_order":4,"comment_status":"closed","ping_status":"closed","template":"","meta":{"_glsr_average":0,"_glsr_ranking":0,"_glsr_reviews":0,"footnotes":""},"class_list":["post-1686","page","type-page","status-publish","hentry"],"yoast_head":"<!-- This site is optimized with the Yoast SEO plugin v26.4 - https:\/\/yoast.com\/wordpress\/plugins\/seo\/ -->\n<title>La transaction a \u00e9chou\u00e9 - Nidi di Rondine<\/title>\n<meta name=\"robots\" content=\"index, follow, max-snippet:-1, max-image-preview:large, max-video-preview:-1\" \/>\n<link rel=\"canonical\" href=\"https:\/\/nididirondine.com\/fr\/confirmation-of-reservation\/la-transaction-a-echoue\/\" \/>\n<meta property=\"og:locale\" content=\"fr_FR\" \/>\n<meta property=\"og:type\" content=\"article\" \/>\n<meta property=\"og:title\" content=\"La transaction a \u00e9chou\u00e9 - Nidi di Rondine\" \/>\n<meta property=\"og:description\" content=\"La transaction a \u00e9chou\u00e9 Malheureusement, votre transaction ne peut pas \u00eatre effectu\u00e9e pour le moment. Veuillez r\u00e9essayer ou contactez-nous.\" \/>\n<meta property=\"og:url\" content=\"https:\/\/nididirondine.com\/fr\/confirmation-of-reservation\/la-transaction-a-echoue\/\" \/>\n<meta property=\"og:site_name\" content=\"Nidi di Rondine\" \/>\n<meta name=\"twitter:card\" content=\"summary_large_image\" \/>\n<script type=\"application\/ld+json\" class=\"yoast-schema-graph\">{\"@context\":\"https:\/\/schema.org\",\"@graph\":[{\"@type\":\"WebPage\",\"@id\":\"https:\/\/nididirondine.com\/fr\/confirmation-of-reservation\/la-transaction-a-echoue\/\",\"url\":\"https:\/\/nididirondine.com\/fr\/confirmation-of-reservation\/la-transaction-a-echoue\/\",\"name\":\"La transaction a \u00e9chou\u00e9 - Nidi di Rondine\",\"isPartOf\":{\"@id\":\"https:\/\/nididirondine.com\/fr\/#website\"},\"datePublished\":\"2020-06-02T01:44:18+00:00\",\"breadcrumb\":{\"@id\":\"https:\/\/nididirondine.com\/fr\/confirmation-of-reservation\/la-transaction-a-echoue\/#breadcrumb\"},\"inLanguage\":\"fr-FR\",\"potentialAction\":[{\"@type\":\"ReadAction\",\"target\":[\"https:\/\/nididirondine.com\/fr\/confirmation-of-reservation\/la-transaction-a-echoue\/\"]}]},{\"@type\":\"BreadcrumbList\",\"@id\":\"https:\/\/nididirondine.com\/fr\/confirmation-of-reservation\/la-transaction-a-echoue\/#breadcrumb\",\"itemListElement\":[{\"@type\":\"ListItem\",\"position\":1,\"name\":\"Home\",\"item\":\"https:\/\/nididirondine.com\/fr\/\"},{\"@type\":\"ListItem\",\"position\":2,\"name\":\"Confirmation of reservation\",\"item\":\"https:\/\/nididirondine.com\/fr\/confirmation-of-reservation\/\"},{\"@type\":\"ListItem\",\"position\":3,\"name\":\"La transaction a \u00e9chou\u00e9\"}]},{\"@type\":\"WebSite\",\"@id\":\"https:\/\/nididirondine.com\/fr\/#website\",\"url\":\"https:\/\/nididirondine.com\/fr\/\",\"name\":\"Nidi di Rondine\",\"description\":\"\",\"potentialAction\":[{\"@type\":\"SearchAction\",\"target\":{\"@type\":\"EntryPoint\",\"urlTemplate\":\"https:\/\/nididirondine.com\/fr\/?s={search_term_string}\"},\"query-input\":{\"@type\":\"PropertyValueSpecification\",\"valueRequired\":true,\"valueName\":\"search_term_string\"}}],\"inLanguage\":\"fr-FR\"}]}<\/script>\n<!-- \/ Yoast SEO plugin. -->","yoast_head_json":{"title":"La transaction a \u00e9chou\u00e9 - Nidi di Rondine","robots":{"index":"index","follow":"follow","max-snippet":"max-snippet:-1","max-image-preview":"max-image-preview:large","max-video-preview":"max-video-preview:-1"},"canonical":"https:\/\/nididirondine.com\/fr\/confirmation-of-reservation\/la-transaction-a-echoue\/","og_locale":"fr_FR","og_type":"article","og_title":"La transaction a \u00e9chou\u00e9 - Nidi di Rondine","og_description":"La transaction a \u00e9chou\u00e9 Malheureusement, votre transaction ne peut pas \u00eatre effectu\u00e9e pour le moment. Veuillez r\u00e9essayer ou contactez-nous.","og_url":"https:\/\/nididirondine.com\/fr\/confirmation-of-reservation\/la-transaction-a-echoue\/","og_site_name":"Nidi di Rondine","twitter_card":"summary_large_image","schema":{"@context":"https:\/\/schema.org","@graph":[{"@type":"WebPage","@id":"https:\/\/nididirondine.com\/fr\/confirmation-of-reservation\/la-transaction-a-echoue\/","url":"https:\/\/nididirondine.com\/fr\/confirmation-of-reservation\/la-transaction-a-echoue\/","name":"La transaction a \u00e9chou\u00e9 - Nidi di Rondine","isPartOf":{"@id":"https:\/\/nididirondine.com\/fr\/#website"},"datePublished":"2020-06-02T01:44:18+00:00","breadcrumb":{"@id":"https:\/\/nididirondine.com\/fr\/confirmation-of-reservation\/la-transaction-a-echoue\/#breadcrumb"},"inLanguage":"fr-FR","potentialAction":[{"@type":"ReadAction","target":["https:\/\/nididirondine.com\/fr\/confirmation-of-reservation\/la-transaction-a-echoue\/"]}]},{"@type":"BreadcrumbList","@id":"https:\/\/nididirondine.com\/fr\/confirmation-of-reservation\/la-transaction-a-echoue\/#breadcrumb","itemListElement":[{"@type":"ListItem","position":1,"name":"Home","item":"https:\/\/nididirondine.com\/fr\/"},{"@type":"ListItem","position":2,"name":"Confirmation of reservation","item":"https:\/\/nididirondine.com\/fr\/confirmation-of-reservation\/"},{"@type":"ListItem","position":3,"name":"La transaction a \u00e9chou\u00e9"}]},{"@type":"WebSite","@id":"https:\/\/nididirondine.com\/fr\/#website","url":"https:\/\/nididirondine.com\/fr\/","name":"Nidi di Rondine","description":"","potentialAction":[{"@type":"SearchAction","target":{"@type":"EntryPoint","urlTemplate":"https:\/\/nididirondine.com\/fr\/?s={search_term_string}"},"query-input":{"@type":"PropertyValueSpecification","valueRequired":true,"valueName":"search_term_string"}}],"inLanguage":"fr-FR"}]}},"_links":{"self":[{"href":"https:\/\/nididirondine.com\/fr\/wp-json\/wp\/v2\/pages\/1686","targetHints":{"allow":["GET"]}}],"collection":[{"href":"https:\/\/nididirondine.com\/fr\/wp-json\/wp\/v2\/pages"}],"about":[{"href":"https:\/\/nididirondine.com\/fr\/wp-json\/wp\/v2\/types\/page"}],"author":[{"embeddable":true,"href":"https:\/\/nididirondine.com\/fr\/wp-json\/wp\/v2\/users\/4"}],"replies":[{"embeddable":true,"href":"https:\/\/nididirondine.com\/fr\/wp-json\/wp\/v2\/comments?post=1686"}],"version-history":[{"count":1,"href":"https:\/\/nididirondine.com\/fr\/wp-json\/wp\/v2\/pages\/1686\/revisions"}],"predecessor-version":[{"id":1687,"href":"https:\/\/nididirondine.com\/fr\/wp-json\/wp\/v2\/pages\/1686\/revisions\/1687"}],"up":[{"embeddable":true,"href":"https:\/\/nididirondine.com\/fr\/wp-json\/wp\/v2\/pages\/1673"}],"wp:attachment":[{"href":"https:\/\/nididirondine.com\/fr\/wp-json\/wp\/v2\/media?parent=1686"}],"curies":[{"name":"wp","href":"https:\/\/api.w.org\/{rel}","templated":true}]}}