{"id":1324,"date":"2020-05-12T17:17:29","date_gmt":"2020-05-12T17:17:29","guid":{"rendered":"https:\/\/nididirondine.com\/news\/"},"modified":"2020-06-27T14:26:01","modified_gmt":"2020-06-27T14:26:01","slug":"news","status":"publish","type":"page","link":"https:\/\/nididirondine.com\/fr\/news\/","title":{"rendered":"News"},"content":{"rendered":"\t\t<div data-elementor-type=\"wp-post\" data-elementor-id=\"1324\" class=\"elementor elementor-1324 elementor-73\" data-elementor-post-type=\"page\">\n\t\t\t\t\t\t<section class=\"th-parallax elementor-section elementor-top-section elementor-element elementor-element-39a85d0e elementor-section-height-min-height elementor-section-boxed elementor-section-height-default elementor-section-items-middle\" data-parallax=\"scroll\" data-image-src=\"https:\/\/nididirondine.com\/wp-content\/uploads\/2020\/04\/nidi-di-rondine-img-06.jpg\" data-id=\"39a85d0e\" data-element_type=\"section\" data-settings=\"{&quot;background_background&quot;:&quot;classic&quot;}\">\n\t\t\t\t\t\t\t<div class=\"elementor-background-overlay\"><\/div>\n\t\t\t\t\t\t\t<div class=\"elementor-container elementor-column-gap-default\">\n\t\t\t\t\t<div class=\"elementor-column elementor-col-100 elementor-top-column elementor-element elementor-element-db2db1\" data-id=\"db2db1\" data-element_type=\"column\">\n\t\t\t<div class=\"elementor-widget-wrap elementor-element-populated\">\n\t\t\t\t\t\t<div class=\"elementor-element elementor-element-1a9eb277 elementor-widget elementor-widget-spacer\" data-id=\"1a9eb277\" data-element_type=\"widget\" data-widget_type=\"spacer.default\">\n\t\t\t\t<div class=\"elementor-widget-container\">\n\t\t\t\t\t\t\t<div class=\"elementor-spacer\">\n\t\t\t<div class=\"elementor-spacer-inner\"><\/div>\n\t\t<\/div>\n\t\t\t\t\t\t<\/div>\n\t\t\t\t<\/div>\n\t\t\t\t<div class=\"elementor-element elementor-element-052ea01 elementor-widget elementor-widget-heading\" data-id=\"052ea01\" data-element_type=\"widget\" data-widget_type=\"heading.default\">\n\t\t\t\t<div class=\"elementor-widget-container\">\n\t\t\t\t\t<h1 class=\"elementor-heading-title elementor-size-default\">News<\/h1>\t\t\t\t<\/div>\n\t\t\t\t<\/div>\n\t\t\t\t<div class=\"elementor-element elementor-element-84a0f9d elementor-widget elementor-widget-heading\" data-id=\"84a0f9d\" data-element_type=\"widget\" data-widget_type=\"heading.default\">\n\t\t\t\t<div class=\"elementor-widget-container\">\n\t\t\t\t\t<h2 class=\"elementor-heading-title elementor-size-default\">Nouvelles et \u00e9v\u00e9nements \u00e0 Val Maira<\/h2>\t\t\t\t<\/div>\n\t\t\t\t<\/div>\n\t\t\t\t\t<\/div>\n\t\t<\/div>\n\t\t\t\t\t<\/div>\n\t\t<\/section>\n\t\t\t\t<section class=\"elementor-section elementor-top-section elementor-element elementor-element-vkt1dv8 elementor-section-boxed elementor-section-height-default elementor-section-height-default\" data-id=\"vkt1dv8\" data-element_type=\"section\">\n\t\t\t\t\t\t<div class=\"elementor-container elementor-column-gap-default\">\n\t\t\t\t\t<div class=\"elementor-column elementor-col-100 elementor-top-column elementor-element elementor-element-xo5h9bj\" data-id=\"xo5h9bj\" data-element_type=\"column\">\n\t\t\t<div class=\"elementor-widget-wrap elementor-element-populated\">\n\t\t\t\t\t\t<div class=\"elementor-element elementor-element-h6bnfn5 elementor-widget elementor-widget-spacer\" data-id=\"h6bnfn5\" data-element_type=\"widget\" data-widget_type=\"spacer.default\">\n\t\t\t\t<div class=\"elementor-widget-container\">\n\t\t\t\t\t\t\t<div class=\"elementor-spacer\">\n\t\t\t<div class=\"elementor-spacer-inner\"><\/div>\n\t\t<\/div>\n\t\t\t\t\t\t<\/div>\n\t\t\t\t<\/div>\n\t\t\t\t\t<\/div>\n\t\t<\/div>\n\t\t\t\t\t<\/div>\n\t\t<\/section>\n\t\t\t\t<\/div>\n\t\t","protected":false},"excerpt":{"rendered":"<p>News Nouvelles et \u00e9v\u00e9nements \u00e0 Val Maira<\/p>\n","protected":false},"author":4,"featured_media":0,"parent":0,"menu_order":54,"comment_status":"closed","ping_status":"closed","template":"templates\/blog-standard.php","meta":{"_glsr_average":0,"_glsr_ranking":0,"_glsr_reviews":0,"footnotes":""},"class_list":["post-1324","page","type-page","status-publish","hentry"],"yoast_head":"<!-- This site is optimized with the Yoast SEO plugin v26.4 - https:\/\/yoast.com\/wordpress\/plugins\/seo\/ -->\n<title>Valle Maira: novit\u00e0 su eventi, appuntamenti, offerte vacanze<\/title>\n<meta name=\"description\" content=\"Novit\u00e0 e offerte per le vacanze in Valle Maira: coupon, eventi da non perdere,escursioni, appuntamenti enogastronomici e turismo\" \/>\n<meta name=\"robots\" content=\"index, follow, max-snippet:-1, max-image-preview:large, max-video-preview:-1\" \/>\n<link rel=\"canonical\" href=\"https:\/\/nididirondine.com\/fr\/news\/\" \/>\n<meta property=\"og:locale\" content=\"fr_FR\" \/>\n<meta property=\"og:type\" content=\"article\" \/>\n<meta property=\"og:title\" content=\"Valle Maira: novit\u00e0 su eventi, appuntamenti, offerte vacanze\" \/>\n<meta property=\"og:description\" content=\"Novit\u00e0 e offerte per le vacanze in Valle Maira: coupon, eventi da non perdere,escursioni, appuntamenti enogastronomici e turismo\" \/>\n<meta property=\"og:url\" content=\"https:\/\/nididirondine.com\/fr\/news\/\" \/>\n<meta property=\"og:site_name\" content=\"Nidi di Rondine\" \/>\n<meta property=\"article:modified_time\" content=\"2020-06-27T14:26:01+00:00\" \/>\n<meta name=\"twitter:card\" content=\"summary_large_image\" \/>\n<script type=\"application\/ld+json\" class=\"yoast-schema-graph\">{\"@context\":\"https:\/\/schema.org\",\"@graph\":[{\"@type\":\"WebPage\",\"@id\":\"https:\/\/nididirondine.com\/fr\/news\/\",\"url\":\"https:\/\/nididirondine.com\/fr\/news\/\",\"name\":\"Valle Maira: novit\u00e0 su eventi, appuntamenti, offerte vacanze\",\"isPartOf\":{\"@id\":\"https:\/\/nididirondine.com\/fr\/#website\"},\"datePublished\":\"2020-05-12T17:17:29+00:00\",\"dateModified\":\"2020-06-27T14:26:01+00:00\",\"description\":\"Novit\u00e0 e offerte per le vacanze in Valle Maira: coupon, eventi da non perdere,escursioni, appuntamenti enogastronomici e turismo\",\"breadcrumb\":{\"@id\":\"https:\/\/nididirondine.com\/fr\/news\/#breadcrumb\"},\"inLanguage\":\"fr-FR\",\"potentialAction\":[{\"@type\":\"ReadAction\",\"target\":[\"https:\/\/nididirondine.com\/fr\/news\/\"]}]},{\"@type\":\"BreadcrumbList\",\"@id\":\"https:\/\/nididirondine.com\/fr\/news\/#breadcrumb\",\"itemListElement\":[{\"@type\":\"ListItem\",\"position\":1,\"name\":\"Home\",\"item\":\"https:\/\/nididirondine.com\/fr\/\"},{\"@type\":\"ListItem\",\"position\":2,\"name\":\"News\"}]},{\"@type\":\"WebSite\",\"@id\":\"https:\/\/nididirondine.com\/fr\/#website\",\"url\":\"https:\/\/nididirondine.com\/fr\/\",\"name\":\"Nidi di Rondine\",\"description\":\"\",\"potentialAction\":[{\"@type\":\"SearchAction\",\"target\":{\"@type\":\"EntryPoint\",\"urlTemplate\":\"https:\/\/nididirondine.com\/fr\/?s={search_term_string}\"},\"query-input\":{\"@type\":\"PropertyValueSpecification\",\"valueRequired\":true,\"valueName\":\"search_term_string\"}}],\"inLanguage\":\"fr-FR\"}]}<\/script>\n<!-- \/ Yoast SEO plugin. -->","yoast_head_json":{"title":"Valle Maira: novit\u00e0 su eventi, appuntamenti, offerte vacanze","description":"Novit\u00e0 e offerte per le vacanze in Valle Maira: coupon, eventi da non perdere,escursioni, appuntamenti enogastronomici e turismo","robots":{"index":"index","follow":"follow","max-snippet":"max-snippet:-1","max-image-preview":"max-image-preview:large","max-video-preview":"max-video-preview:-1"},"canonical":"https:\/\/nididirondine.com\/fr\/news\/","og_locale":"fr_FR","og_type":"article","og_title":"Valle Maira: novit\u00e0 su eventi, appuntamenti, offerte vacanze","og_description":"Novit\u00e0 e offerte per le vacanze in Valle Maira: coupon, eventi da non perdere,escursioni, appuntamenti enogastronomici e turismo","og_url":"https:\/\/nididirondine.com\/fr\/news\/","og_site_name":"Nidi di Rondine","article_modified_time":"2020-06-27T14:26:01+00:00","twitter_card":"summary_large_image","schema":{"@context":"https:\/\/schema.org","@graph":[{"@type":"WebPage","@id":"https:\/\/nididirondine.com\/fr\/news\/","url":"https:\/\/nididirondine.com\/fr\/news\/","name":"Valle Maira: novit\u00e0 su eventi, appuntamenti, offerte vacanze","isPartOf":{"@id":"https:\/\/nididirondine.com\/fr\/#website"},"datePublished":"2020-05-12T17:17:29+00:00","dateModified":"2020-06-27T14:26:01+00:00","description":"Novit\u00e0 e offerte per le vacanze in Valle Maira: coupon, eventi da non perdere,escursioni, appuntamenti enogastronomici e turismo","breadcrumb":{"@id":"https:\/\/nididirondine.com\/fr\/news\/#breadcrumb"},"inLanguage":"fr-FR","potentialAction":[{"@type":"ReadAction","target":["https:\/\/nididirondine.com\/fr\/news\/"]}]},{"@type":"BreadcrumbList","@id":"https:\/\/nididirondine.com\/fr\/news\/#breadcrumb","itemListElement":[{"@type":"ListItem","position":1,"name":"Home","item":"https:\/\/nididirondine.com\/fr\/"},{"@type":"ListItem","position":2,"name":"News"}]},{"@type":"WebSite","@id":"https:\/\/nididirondine.com\/fr\/#website","url":"https:\/\/nididirondine.com\/fr\/","name":"Nidi di Rondine","description":"","potentialAction":[{"@type":"SearchAction","target":{"@type":"EntryPoint","urlTemplate":"https:\/\/nididirondine.com\/fr\/?s={search_term_string}"},"query-input":{"@type":"PropertyValueSpecification","valueRequired":true,"valueName":"search_term_string"}}],"inLanguage":"fr-FR"}]}},"_links":{"self":[{"href":"https:\/\/nididirondine.com\/fr\/wp-json\/wp\/v2\/pages\/1324","targetHints":{"allow":["GET"]}}],"collection":[{"href":"https:\/\/nididirondine.com\/fr\/wp-json\/wp\/v2\/pages"}],"about":[{"href":"https:\/\/nididirondine.com\/fr\/wp-json\/wp\/v2\/types\/page"}],"author":[{"embeddable":true,"href":"https:\/\/nididirondine.com\/fr\/wp-json\/wp\/v2\/users\/4"}],"replies":[{"embeddable":true,"href":"https:\/\/nididirondine.com\/fr\/wp-json\/wp\/v2\/comments?post=1324"}],"version-history":[{"count":1,"href":"https:\/\/nididirondine.com\/fr\/wp-json\/wp\/v2\/pages\/1324\/revisions"}],"predecessor-version":[{"id":1325,"href":"https:\/\/nididirondine.com\/fr\/wp-json\/wp\/v2\/pages\/1324\/revisions\/1325"}],"wp:attachment":[{"href":"https:\/\/nididirondine.com\/fr\/wp-json\/wp\/v2\/media?parent=1324"}],"curies":[{"name":"wp","href":"https:\/\/api.w.org\/{rel}","templated":true}]}}