{"id":1318,"date":"2020-05-12T17:14:15","date_gmt":"2020-05-12T17:14:15","guid":{"rendered":"https:\/\/nididirondine.com\/reservez\/"},"modified":"2025-02-18T08:53:08","modified_gmt":"2025-02-18T08:53:08","slug":"reservez","status":"publish","type":"page","link":"https:\/\/nididirondine.com\/fr\/reservez\/","title":{"rendered":"R\u00e9servez"},"content":{"rendered":"\t\t<div data-elementor-type=\"wp-post\" data-elementor-id=\"1318\" class=\"elementor elementor-1318 elementor-892\" data-elementor-post-type=\"page\">\n\t\t\t\t\t\t<section class=\"elementor-section elementor-top-section elementor-element elementor-element-5f58ef60 elementor-section-height-min-height elementor-section-boxed elementor-section-height-default elementor-section-items-middle\" data-id=\"5f58ef60\" data-element_type=\"section\" data-settings=\"{&quot;background_background&quot;:&quot;classic&quot;}\">\n\t\t\t\t\t\t\t<div class=\"elementor-background-overlay\"><\/div>\n\t\t\t\t\t\t\t<div class=\"elementor-container elementor-column-gap-default\">\n\t\t\t\t\t<div class=\"elementor-column elementor-col-100 elementor-top-column elementor-element elementor-element-1d5ab816\" data-id=\"1d5ab816\" data-element_type=\"column\">\n\t\t\t<div class=\"elementor-widget-wrap elementor-element-populated\">\n\t\t\t\t\t\t<div class=\"elementor-element elementor-element-258a510 elementor-widget elementor-widget-spacer\" data-id=\"258a510\" data-element_type=\"widget\" data-widget_type=\"spacer.default\">\n\t\t\t\t<div class=\"elementor-widget-container\">\n\t\t\t\t\t\t\t<div class=\"elementor-spacer\">\n\t\t\t<div class=\"elementor-spacer-inner\"><\/div>\n\t\t<\/div>\n\t\t\t\t\t\t<\/div>\n\t\t\t\t<\/div>\n\t\t\t\t<div class=\"elementor-element elementor-element-7cdeb327 elementor-view-default elementor-position-top elementor-widget elementor-widget-themo-header\" data-id=\"7cdeb327\" data-element_type=\"widget\" data-widget_type=\"themo-header.default\">\n\t\t\t\t<div class=\"elementor-widget-container\">\n\t\t\t\t\t\t\t<div class=\"th-header-wrap\">\n        <div class=\"elementor-icon-box-wrapper \">\n                            <div class=\"elementor-icon-box-content\">\n                    <h1 class=\"elementor-icon-box-title\">\n                        R\u00c9SERVEZ                    <\/h1>\n                                        <p class=\"elementor-icon-box-description\"><\/p>\n\n                                    <\/div>\n            <\/div>\n\n        <\/div>\n\n\t\t\t\t\t\t<\/div>\n\t\t\t\t<\/div>\n\t\t\t\t\t<\/div>\n\t\t<\/div>\n\t\t\t\t\t<\/div>\n\t\t<\/section>\n\t\t\t\t<section class=\"elementor-section elementor-top-section elementor-element elementor-element-de1ff49 elementor-section-boxed elementor-section-height-default elementor-section-height-default\" data-id=\"de1ff49\" data-element_type=\"section\" data-settings=\"{&quot;background_background&quot;:&quot;classic&quot;}\">\n\t\t\t\t\t\t<div class=\"elementor-container elementor-column-gap-default\">\n\t\t\t\t\t<div class=\"elementor-column elementor-col-100 elementor-top-column elementor-element elementor-element-6e9d36b\" data-id=\"6e9d36b\" data-element_type=\"column\">\n\t\t\t<div class=\"elementor-widget-wrap elementor-element-populated\">\n\t\t\t\t\t\t<div class=\"elementor-element elementor-element-f152881 elementor-widget elementor-widget-themo-mphb-search-form\" data-id=\"f152881\" data-element_type=\"widget\" data-widget_type=\"themo-mphb-search-form.default\">\n\t\t\t\t<div class=\"elementor-widget-container\">\n\t\t\t\t\t        <div class=\"th-fo-form  th-centered th-conversion  th-btn-form btn-ghost-light-form\"><div class=\"mphb_sc_search-wrapper  frm_forms with_frm_style\"><form method=\"GET\" class=\"mphb_sc_search-form\" action=\"https:\/\/nididirondine.com\/fr\/reservez\/\">\n\n\t<p class = \"mphb-required-fields-tip\">\n\t<small>\n\t\tLes champs obligatoires sont suivis de\t\t<abbr title=\"required\">*<\/abbr>\n\t<\/small>\n<\/p>\n\t<p class=\"mphb_sc_search-check-in-date frm_form_field\">\n\t\t<label for=\"mphb_check_in_date-mphb-search-form-69d2f338adf37\">\n\t\t\tArriv\u00e9e\t\t\t<abbr title=\"Format\u00e9 comme dd\/mm\/yyyy\">*<\/abbr>\n\t\t<\/label>\n\t\t<br \/>\n\t\t<input\n\t\t\tid=\"mphb_check_in_date-mphb-search-form-69d2f338adf37\"\n\t\t\tdata-datepick-group=\"mphb-search-form-69d2f338adf37\"\n\t\t\tvalue=\"\"\n\t\t\tplaceholder=\"Date d&#039;arriv\u00e9e\"\n\t\t\trequired=\"required\"\n\t\t\ttype=\"text\"\n\t\t\tinputmode=\"none\"\n\t\t\tname=\"mphb_check_in_date\"\n\t\t\tclass=\"mphb-datepick\"\n\t\t\tautocomplete=\"off\"\n\t\t\t\/>\n\t<\/p>\n\n\t<p class=\"mphb_sc_search-check-out-date frm_form_field\">\n\t\t<label for=\"mphb_check_out_date-mphb-search-form-69d2f338adf37\">\n\t\t\tD\u00e9part\t\t\t<abbr title=\"Format\u00e9 comme dd\/mm\/yyyy\">*<\/abbr>\n\t\t<\/label>\n\t\t<br \/>\n\t\t<input\n\t\t\tid=\"mphb_check_out_date-mphb-search-form-69d2f338adf37\"\n\t\t\tdata-datepick-group=\"mphb-search-form-69d2f338adf37\"\n\t\t\tvalue=\"\"\n\t\t\tplaceholder=\"Date de d\u00e9part\"\n\t\t\trequired=\"required\"\n\t\t\ttype=\"text\"\n\t\t\tinputmode=\"none\"\n\t\t\tname=\"mphb_check_out_date\"\n\t\t\tclass=\"mphb-datepick\"\n\t\t\tautocomplete=\"off\"\n\t\t\t\/>\n\t<\/p>\n\n\t\t\t<input type=\"hidden\" id=\"mphb_adults-mphb-search-form-69d2f338adf37\" name=\"mphb_adults\" value=\"1\" \/>\n\t\n\t\t\t<input type=\"hidden\" id=\"mphb_children-mphb-search-form-69d2f338adf37\" name=\"mphb_children\" value=\"0\" \/>\n\t\n\t\n\t\n\t<input id=\"mphb_check_in_date-mphb-search-form-69d2f338adf37-hidden\" value=\"\" type=\"hidden\" name=\"mphb_check_in_date\" \/><input id=\"mphb_check_out_date-mphb-search-form-69d2f338adf37-hidden\" value=\"\" type=\"hidden\" name=\"mphb_check_out_date\" \/>\n\t<p class=\"mphb_sc_search-submit-button-wrapper frm_submit\">\n\t\t<input type=\"submit\" class=\"button\" value=\"Chercher\"\/>\n\t<\/p>\n\n\t\n<\/form>\n<\/div><\/div>\n        \t\t\t\t<\/div>\n\t\t\t\t<\/div>\n\t\t\t\t\t<\/div>\n\t\t<\/div>\n\t\t\t\t\t<\/div>\n\t\t<\/section>\n\t\t\t\t<section class=\"elementor-section elementor-top-section elementor-element elementor-element-49d8c8aa elementor-section-boxed elementor-section-height-default elementor-section-height-default\" data-id=\"49d8c8aa\" data-element_type=\"section\" data-settings=\"{&quot;background_background&quot;:&quot;classic&quot;}\">\n\t\t\t\t\t\t<div class=\"elementor-container elementor-column-gap-no\">\n\t\t\t\t\t<div class=\"elementor-column elementor-col-100 elementor-top-column elementor-element elementor-element-382e1574\" data-id=\"382e1574\" data-element_type=\"column\" data-settings=\"{&quot;background_background&quot;:&quot;classic&quot;}\">\n\t\t\t<div class=\"elementor-widget-wrap elementor-element-populated\">\n\t\t\t\t\t\t<div class=\"elementor-element elementor-element-10012a2f prenota elementor-widget elementor-widget-themo-mphb-search-results\" data-id=\"10012a2f\" data-element_type=\"widget\" data-widget_type=\"themo-mphb-search-results.default\">\n\t\t\t\t<div class=\"elementor-widget-container\">\n\t\t\t\t\t            <div >\n                <div class=\"mphb_sc_search_results-wrapper frm_forms with_frm_style \"><div class=\"mphb-errors-wrapper\">\n\t<\/div>\n\n<\/div>            <\/div>\n            \t\t\t\t<\/div>\n\t\t\t\t<\/div>\n\t\t\t\t\t<\/div>\n\t\t<\/div>\n\t\t\t\t\t<\/div>\n\t\t<\/section>\n\t\t\t\t<section class=\"elementor-section elementor-top-section elementor-element elementor-element-9a12be6 elementor-section-boxed elementor-section-height-default elementor-section-height-default\" data-id=\"9a12be6\" data-element_type=\"section\">\n\t\t\t\t\t\t<div class=\"elementor-container elementor-column-gap-default\">\n\t\t\t\t\t<div class=\"elementor-column elementor-col-100 elementor-top-column elementor-element elementor-element-8274a37\" data-id=\"8274a37\" data-element_type=\"column\">\n\t\t\t<div class=\"elementor-widget-wrap elementor-element-populated\">\n\t\t\t\t\t\t<div class=\"elementor-element elementor-element-cc6c887 elementor-widget elementor-widget-spacer\" data-id=\"cc6c887\" data-element_type=\"widget\" data-widget_type=\"spacer.default\">\n\t\t\t\t<div class=\"elementor-widget-container\">\n\t\t\t\t\t\t\t<div class=\"elementor-spacer\">\n\t\t\t<div class=\"elementor-spacer-inner\"><\/div>\n\t\t<\/div>\n\t\t\t\t\t\t<\/div>\n\t\t\t\t<\/div>\n\t\t\t\t<div class=\"elementor-element elementor-element-734a645 elementor-view-default elementor-position-top elementor-widget elementor-widget-themo-header\" data-id=\"734a645\" data-element_type=\"widget\" data-widget_type=\"themo-header.default\">\n\t\t\t\t<div class=\"elementor-widget-container\">\n\t\t\t\t\t\t\t<div class=\"th-header-wrap\">\n        <div class=\"elementor-icon-box-wrapper \">\n                            <div class=\"elementor-icon-box-content\">\n                    <h2 class=\"elementor-icon-box-title\">\n                        DISPONIBILIT\u00c9                    <\/h2>\n                                            <span class=\"th-header-divider\"><\/span>\n                                        <p class=\"elementor-icon-box-description\"><\/p>\n\n                                    <\/div>\n            <\/div>\n\n        <\/div>\n\n\t\t\t\t\t\t<\/div>\n\t\t\t\t<\/div>\n\t\t\t\t<section class=\"elementor-section elementor-inner-section elementor-element elementor-element-1130caa elementor-section-boxed elementor-section-height-default elementor-section-height-default\" data-id=\"1130caa\" data-element_type=\"section\">\n\t\t\t\t\t\t<div class=\"elementor-container elementor-column-gap-default\">\n\t\t\t\t\t<div class=\"elementor-column elementor-col-50 elementor-inner-column elementor-element elementor-element-0d7493e\" data-id=\"0d7493e\" data-element_type=\"column\">\n\t\t\t<div class=\"elementor-widget-wrap elementor-element-populated\">\n\t\t\t\t\t\t<div class=\"elementor-element elementor-element-75e64df elementor-widget elementor-widget-themo-mphb-availability-calendar\" data-id=\"75e64df\" data-element_type=\"widget\" data-widget_type=\"themo-mphb-availability-calendar.default\">\n\t\t\t\t<div class=\"elementor-widget-container\">\n\t\t\t\t\t            <div class=\"elementor-shortcode themo_mphb_availability_calendar\">\n                                    <div class=\"th-cal-tooltip\"><h3>APPARTEMENT DE TROIS PIECES AU PREMIER ETAGE<\/h3><\/div>\n                                <div class=\"mphb_sc_availability_calendar-wrapper\">\t<div class=\"mphb-calendar mphb-datepick inlinePicker mphb-calendar--direct-booking\" data-room-type-id=\"619\" data-monthstoshow=\"1\" data-is_show_prices=\"0\" data-is_truncate_prices=\"1\" data-is_show_prices_currency=\"0\"><\/div>\n\t<\/div>            <\/div>\n            \t\t\t\t<\/div>\n\t\t\t\t<\/div>\n\t\t\t\t\t<\/div>\n\t\t<\/div>\n\t\t\t\t<div class=\"elementor-column elementor-col-50 elementor-inner-column elementor-element elementor-element-9358d9b\" data-id=\"9358d9b\" data-element_type=\"column\">\n\t\t\t<div class=\"elementor-widget-wrap elementor-element-populated\">\n\t\t\t\t\t\t<div class=\"elementor-element elementor-element-f01e026 elementor-widget elementor-widget-themo-mphb-availability-calendar\" data-id=\"f01e026\" data-element_type=\"widget\" data-widget_type=\"themo-mphb-availability-calendar.default\">\n\t\t\t\t<div class=\"elementor-widget-container\">\n\t\t\t\t\t            <div class=\"elementor-shortcode themo_mphb_availability_calendar\">\n                                    <div class=\"th-cal-tooltip\"><h3>APPARTEMENT DEUX PI\u00c8CES AU DEUXI\u00c8ME \u00c9TAGE<\/h3><\/div>\n                                <div class=\"mphb_sc_availability_calendar-wrapper\">\t<div class=\"mphb-calendar mphb-datepick inlinePicker mphb-calendar--direct-booking\" data-room-type-id=\"636\" data-monthstoshow=\"1\" data-is_show_prices=\"0\" data-is_truncate_prices=\"1\" data-is_show_prices_currency=\"0\"><\/div>\n\t<\/div>            <\/div>\n            \t\t\t\t<\/div>\n\t\t\t\t<\/div>\n\t\t\t\t\t<\/div>\n\t\t<\/div>\n\t\t\t\t\t<\/div>\n\t\t<\/section>\n\t\t\t\t<div class=\"elementor-element elementor-element-d43727a elementor-widget elementor-widget-spacer\" data-id=\"d43727a\" data-element_type=\"widget\" data-widget_type=\"spacer.default\">\n\t\t\t\t<div class=\"elementor-widget-container\">\n\t\t\t\t\t\t\t<div class=\"elementor-spacer\">\n\t\t\t<div class=\"elementor-spacer-inner\"><\/div>\n\t\t<\/div>\n\t\t\t\t\t\t<\/div>\n\t\t\t\t<\/div>\n\t\t\t\t\t<\/div>\n\t\t<\/div>\n\t\t\t\t\t<\/div>\n\t\t<\/section>\n\t\t\t\t<\/div>\n\t\t","protected":false},"excerpt":{"rendered":"<p>R\u00c9SERVEZ DISPONIBILIT\u00c9<\/p>\n","protected":false},"author":4,"featured_media":0,"parent":0,"menu_order":4,"comment_status":"closed","ping_status":"closed","template":"","meta":{"_glsr_average":0,"_glsr_ranking":0,"_glsr_reviews":0,"footnotes":""},"class_list":["post-1318","page","type-page","status-publish","hentry"],"yoast_head":"<!-- This site is optimized with the Yoast SEO plugin v26.4 - https:\/\/yoast.com\/wordpress\/plugins\/seo\/ -->\n<title>R\u00e9servez - Nidi di Rondine<\/title>\n<meta name=\"robots\" content=\"index, follow, max-snippet:-1, max-image-preview:large, max-video-preview:-1\" \/>\n<link rel=\"canonical\" href=\"https:\/\/nididirondine.com\/fr\/reservez\/\" \/>\n<meta property=\"og:locale\" content=\"fr_FR\" \/>\n<meta property=\"og:type\" content=\"article\" \/>\n<meta property=\"og:title\" content=\"R\u00e9servez - Nidi di Rondine\" \/>\n<meta property=\"og:description\" content=\"R\u00c9SERVEZ DISPONIBILIT\u00c9\" \/>\n<meta property=\"og:url\" content=\"https:\/\/nididirondine.com\/fr\/reservez\/\" \/>\n<meta property=\"og:site_name\" content=\"Nidi di Rondine\" \/>\n<meta property=\"article:modified_time\" content=\"2025-02-18T08:53:08+00:00\" \/>\n<meta name=\"twitter:card\" content=\"summary_large_image\" \/>\n<script type=\"application\/ld+json\" class=\"yoast-schema-graph\">{\"@context\":\"https:\/\/schema.org\",\"@graph\":[{\"@type\":\"WebPage\",\"@id\":\"https:\/\/nididirondine.com\/fr\/reservez\/\",\"url\":\"https:\/\/nididirondine.com\/fr\/reservez\/\",\"name\":\"R\u00e9servez - Nidi di Rondine\",\"isPartOf\":{\"@id\":\"https:\/\/nididirondine.com\/fr\/#website\"},\"datePublished\":\"2020-05-12T17:14:15+00:00\",\"dateModified\":\"2025-02-18T08:53:08+00:00\",\"breadcrumb\":{\"@id\":\"https:\/\/nididirondine.com\/fr\/reservez\/#breadcrumb\"},\"inLanguage\":\"fr-FR\",\"potentialAction\":[{\"@type\":\"ReadAction\",\"target\":[\"https:\/\/nididirondine.com\/fr\/reservez\/\"]}]},{\"@type\":\"BreadcrumbList\",\"@id\":\"https:\/\/nididirondine.com\/fr\/reservez\/#breadcrumb\",\"itemListElement\":[{\"@type\":\"ListItem\",\"position\":1,\"name\":\"Home\",\"item\":\"https:\/\/nididirondine.com\/fr\/\"},{\"@type\":\"ListItem\",\"position\":2,\"name\":\"R\u00e9servez\"}]},{\"@type\":\"WebSite\",\"@id\":\"https:\/\/nididirondine.com\/fr\/#website\",\"url\":\"https:\/\/nididirondine.com\/fr\/\",\"name\":\"Nidi di Rondine\",\"description\":\"\",\"potentialAction\":[{\"@type\":\"SearchAction\",\"target\":{\"@type\":\"EntryPoint\",\"urlTemplate\":\"https:\/\/nididirondine.com\/fr\/?s={search_term_string}\"},\"query-input\":{\"@type\":\"PropertyValueSpecification\",\"valueRequired\":true,\"valueName\":\"search_term_string\"}}],\"inLanguage\":\"fr-FR\"}]}<\/script>\n<!-- \/ Yoast SEO plugin. -->","yoast_head_json":{"title":"R\u00e9servez - Nidi di Rondine","robots":{"index":"index","follow":"follow","max-snippet":"max-snippet:-1","max-image-preview":"max-image-preview:large","max-video-preview":"max-video-preview:-1"},"canonical":"https:\/\/nididirondine.com\/fr\/reservez\/","og_locale":"fr_FR","og_type":"article","og_title":"R\u00e9servez - Nidi di Rondine","og_description":"R\u00c9SERVEZ DISPONIBILIT\u00c9","og_url":"https:\/\/nididirondine.com\/fr\/reservez\/","og_site_name":"Nidi di Rondine","article_modified_time":"2025-02-18T08:53:08+00:00","twitter_card":"summary_large_image","schema":{"@context":"https:\/\/schema.org","@graph":[{"@type":"WebPage","@id":"https:\/\/nididirondine.com\/fr\/reservez\/","url":"https:\/\/nididirondine.com\/fr\/reservez\/","name":"R\u00e9servez - Nidi di Rondine","isPartOf":{"@id":"https:\/\/nididirondine.com\/fr\/#website"},"datePublished":"2020-05-12T17:14:15+00:00","dateModified":"2025-02-18T08:53:08+00:00","breadcrumb":{"@id":"https:\/\/nididirondine.com\/fr\/reservez\/#breadcrumb"},"inLanguage":"fr-FR","potentialAction":[{"@type":"ReadAction","target":["https:\/\/nididirondine.com\/fr\/reservez\/"]}]},{"@type":"BreadcrumbList","@id":"https:\/\/nididirondine.com\/fr\/reservez\/#breadcrumb","itemListElement":[{"@type":"ListItem","position":1,"name":"Home","item":"https:\/\/nididirondine.com\/fr\/"},{"@type":"ListItem","position":2,"name":"R\u00e9servez"}]},{"@type":"WebSite","@id":"https:\/\/nididirondine.com\/fr\/#website","url":"https:\/\/nididirondine.com\/fr\/","name":"Nidi di Rondine","description":"","potentialAction":[{"@type":"SearchAction","target":{"@type":"EntryPoint","urlTemplate":"https:\/\/nididirondine.com\/fr\/?s={search_term_string}"},"query-input":{"@type":"PropertyValueSpecification","valueRequired":true,"valueName":"search_term_string"}}],"inLanguage":"fr-FR"}]}},"_links":{"self":[{"href":"https:\/\/nididirondine.com\/fr\/wp-json\/wp\/v2\/pages\/1318","targetHints":{"allow":["GET"]}}],"collection":[{"href":"https:\/\/nididirondine.com\/fr\/wp-json\/wp\/v2\/pages"}],"about":[{"href":"https:\/\/nididirondine.com\/fr\/wp-json\/wp\/v2\/types\/page"}],"author":[{"embeddable":true,"href":"https:\/\/nididirondine.com\/fr\/wp-json\/wp\/v2\/users\/4"}],"replies":[{"embeddable":true,"href":"https:\/\/nididirondine.com\/fr\/wp-json\/wp\/v2\/comments?post=1318"}],"version-history":[{"count":5,"href":"https:\/\/nididirondine.com\/fr\/wp-json\/wp\/v2\/pages\/1318\/revisions"}],"predecessor-version":[{"id":4108,"href":"https:\/\/nididirondine.com\/fr\/wp-json\/wp\/v2\/pages\/1318\/revisions\/4108"}],"wp:attachment":[{"href":"https:\/\/nididirondine.com\/fr\/wp-json\/wp\/v2\/media?parent=1318"}],"curies":[{"name":"wp","href":"https:\/\/api.w.org\/{rel}","templated":true}]}}